{"id":985,"date":"2025-03-31T15:01:29","date_gmt":"2025-03-31T13:01:29","guid":{"rendered":"https:\/\/www.tradecoitalia.com\/chi-siamo\/"},"modified":"2025-11-19T14:40:26","modified_gmt":"2025-11-19T13:40:26","slug":"quienes-somos","status":"publish","type":"page","link":"https:\/\/www.2306srl.it\/es\/quienes-somos\/","title":{"rendered":"Qui\u00e9nes somos"},"content":{"rendered":"<section class=\"l-section wpb_row us_custom_209d813c height_medium\"><div class=\"l-section-h i-cf\"><div class=\"g-cols vc_row via_grid cols_1 laptops-cols_inherit tablets-cols_inherit mobiles-cols_1 valign_top type_default stacking_default\"><div class=\"wpb_column vc_column_container\"><div class=\"vc_column-inner\"><div class=\"wpb_text_column us_custom_d57451d8\"><div class=\"wpb_wrapper\"><h1 style=\"text-align: center;\">Las personas ideales para <span class=\"evidenziatore\">dirigir su negocio en todo el mundo<\/span><\/h1>\n<\/div><\/div><div class=\"w-separator size_small\"><\/div><div class=\"wpb_text_column us_custom_435c636a\"><div class=\"wpb_wrapper\"><p style=\"text-align: center;\">Somos un equipo de profesionales con s\u00f3lidas ra\u00edces y una perspectiva global. Combinamos experiencia, fiabilidad y pasi\u00f3n para conectar su negocio con los mejores socios del mundo.<\/p>\n<\/div><\/div><div class=\"w-separator size_medium\"><\/div><div class=\"w-btn-wrapper align_center\"><a class=\"w-btn us-btn-style_2 icon_atright\" href=\"#la-nostra-famiglia\"><span class=\"w-btn-label\">Con\u00f3zcanos<\/span><i class=\"fas fa-arrow-right\"><\/i><\/a><\/div><div class=\"w-separator size_small\"><\/div><div class=\"w-image us_custom_21098e12 align_center\"><div class=\"w-image-h\"><img decoding=\"async\" width=\"1024\" height=\"599\" src=\"https:\/\/www.2306srl.it\/wp-content\/uploads\/2025\/03\/Mondo-export-e1743497227116-1024x599.webp\" class=\"attachment-large size-large\" alt=\"Import export world\" loading=\"lazy\" srcset=\"https:\/\/www.2306srl.it\/wp-content\/uploads\/2025\/03\/Mondo-export-e1743497227116-1024x599.webp 1024w, https:\/\/www.2306srl.it\/wp-content\/uploads\/2025\/03\/Mondo-export-e1743497227116-300x175.webp 300w, https:\/\/www.2306srl.it\/wp-content\/uploads\/2025\/03\/Mondo-export-e1743497227116.webp 1390w\" sizes=\"auto, (max-width: 1024px) 100vw, 1024px\" \/><\/div><\/div><\/div><\/div><\/div><\/div><\/section><section class=\"l-section wpb_row us_custom_16a87a82 height_medium with_shape\"><div class=\"l-section-shape type_custom pos_bottom\"><svg xmlns=\"http:\/\/www.w3.org\/2000\/svg\" viewBox=\"0 0 64 8\" preserveAspectRatio=\"none\" width=\"100%\" height=\"100%\">\r\n\t<path fill=\"currentColor\" d=\"M64 8 L0 8 L0 0 L64 0 Z\"\/>\r\n<\/svg><\/div><div class=\"l-section-h i-cf\"><div class=\"g-cols vc_row via_grid cols_1 laptops-cols_inherit tablets-cols_inherit mobiles-cols_1 valign_top type_default stacking_default\"><div class=\"wpb_column vc_column_container us_custom_f26bef36 card-REX has_bg_color\"><div class=\"vc_column-inner\"><div class=\"wpb_text_column us_custom_f24fdb10\"><div class=\"wpb_wrapper\"><p style=\"text-align: center;\"><strong>CERTIFICACI\u00d3N REX<br \/>\n<\/strong>Estamos certificados en el Sistema de Exportadores Registrados (REX)<\/p>\n<\/div><\/div><div class=\"w-separator size_medium\"><\/div><div class=\"w-iconbox iconpos_top style_default color_primary align_center no_text no_title icontype_img\"><div class=\"w-iconbox-icon\" style=\"font-size:200px;\"><img loading=\"lazy\" decoding=\"async\" width=\"1030\" height=\"712\" src=\"https:\/\/www.2306srl.it\/wp-content\/uploads\/2025\/03\/REX.webp\" class=\"attachment-full size-full\" alt=\"\" srcset=\"https:\/\/www.2306srl.it\/wp-content\/uploads\/2025\/03\/REX.webp 1030w, https:\/\/www.2306srl.it\/wp-content\/uploads\/2025\/03\/REX-300x207.webp 300w, https:\/\/www.2306srl.it\/wp-content\/uploads\/2025\/03\/REX-1024x708.webp 1024w\" sizes=\"auto, (max-width: 1030px) 100vw, 1030px\" \/><\/div><div class=\"w-iconbox-meta\"><\/div><\/div><\/div><\/div><\/div><\/div><\/section><section class=\"l-section wpb_row height_medium\" id=\"la-nostra-famiglia\"><div class=\"l-section-h i-cf\"><div class=\"g-cols vc_row via_grid cols_1-2 laptops-cols_inherit tablets-cols_1 mobiles-cols_1 valign_top type_default stacking_default\" style=\"--columns-gap:2.5rem;\"><div class=\"wpb_column vc_column_container\"><div class=\"vc_column-inner\"><h2 class=\"w-text us_custom_052d56ea\"><span class=\"w-text-h\"><span class=\"w-text-value\">Nuestra familia<\/span><\/span><\/h2><\/div><\/div><div class=\"wpb_column vc_column_container\"><div class=\"vc_column-inner\"><div class=\"w-text us_custom_b5984b62\"><span class=\"w-text-h\"><span class=\"w-text-value\">Como empresa familiar, nuestros pilares son la seriedad, el respeto y un gran esp\u00edritu de servicio a los dem\u00e1s. Nuestra historia nos lleva a trabajar con los mejores socios de la industria italiana, y nuestra experiencia nos ha presentado a muchos otros grandes fabricantes y proveedores de confianza de todo el mundo.<\/span><\/span><\/div><div class=\"w-separator size_small\"><\/div><div class=\"w-text us_custom_b5984b62\"><span class=\"w-text-h\"><span class=\"w-text-value\">2306 nace del encuentro entre dos trayectorias diferentes y una misma idea: valorizar la excelencia italiana en el mundo a trav\u00e9s de un enfoque moderno y estrat\u00e9gico.<br \/>\nAl igual que sus fundadoras, el nombre 2306 a\u00fana competencias, apertura internacional y pasi\u00f3n por crear conexiones aut\u00e9nticas y duraderas entre Italia y los mercados globales.<\/span><\/span><\/div><\/div><\/div><\/div><\/div><\/section><section class=\"l-section wpb_row us_custom_cef94686 height_huge\" id=\"section-01\"><div class=\"l-section-h i-cf\"><div class=\"g-cols vc_row via_grid cols_1 laptops-cols_inherit tablets-cols_inherit mobiles-cols_1 valign_top type_default stacking_default\"><div class=\"wpb_column vc_column_container\"><div class=\"vc_column-inner\"><div class=\"wpb_text_column\"><div class=\"wpb_wrapper\"><h2 style=\"text-align: center;\">\u00bfPor qu\u00e9 elegir <span class=\"evidenziatore\">2306<\/span>?<\/h2>\n<\/div><\/div><div class=\"w-separator size_huge\"><\/div><div class=\"g-cols wpb_row via_grid cols_3 laptops-cols_inherit tablets-cols_inherit mobiles-cols_1 valign_top type_default\" style=\"--columns-gap:6vh;\"><div class=\"wpb_column vc_column_container\"><div class=\"vc_column-inner\"><div class=\"w-counter contatori-tradeco color_primary align_center\" data-duration=\"2\"><div class=\"w-counter-value\"><span class=\"w-counter-value-part type_text\" data-final=\"\"><\/span><span class=\"w-counter-value-part type_number\" data-final=\"150\">1<\/span><span class=\"w-counter-value-part type_text\" data-final=\"+\"><\/span><\/div><p class=\"w-counter-title\" style=\"font-weight:600;\">Proveedores y socios en nuestra red<\/p><\/div><\/div><\/div><div class=\"wpb_column vc_column_container\"><div class=\"vc_column-inner\"><div class=\"w-counter contatori-tradeco color_primary align_center\" data-duration=\"2\"><div class=\"w-counter-value\"><span class=\"w-counter-value-part type_text\" data-final=\"\"><\/span><span class=\"w-counter-value-part type_number\" data-final=\"35\">1<\/span><span class=\"w-counter-value-part type_text\" data-final=\"+\"><\/span><\/div><p class=\"w-counter-title\" style=\"font-weight:600;\">A\u00f1os de experiencia<\/p><\/div><\/div><\/div><div class=\"wpb_column vc_column_container\"><div class=\"vc_column-inner\"><div class=\"w-counter contatori-tradeco color_primary align_center\" data-duration=\"2\"><div class=\"w-counter-value\"><span class=\"w-counter-value-part type_text\" data-final=\"\"><\/span><span class=\"w-counter-value-part type_number\" data-final=\"1\">0<\/span><span class=\"w-counter-value-part type_text\" data-final=\"M+\">M+<\/span><\/div><p class=\"w-counter-title\" style=\"font-weight:600;\">Productos gestionados desde la selecci\u00f3n hasta la entrega<\/p><\/div><\/div><\/div><\/div><div class=\"w-separator size_large\"><\/div><div class=\"g-cols wpb_row via_grid cols_3 laptops-cols_inherit tablets-cols_inherit mobiles-cols_1 valign_top type_default\" style=\"--columns-gap:6vh;\"><div class=\"wpb_column vc_column_container\"><div class=\"vc_column-inner\"><div class=\"w-iconbox iconpos_left style_default color_custom align_none no_text\"><div class=\"w-iconbox-icon\" style=\"font-size:2rem;--icon-color:#53746C;\"><i class=\"material-icons\">workspace_premium<\/i><\/div><div class=\"w-iconbox-meta\"><h3 class=\"w-iconbox-title\" style=\"font-size:16px;\">Certificado en el Sistema de Exportadores Registrados (REX)<\/h3><\/div><\/div><\/div><\/div><div class=\"wpb_column vc_column_container\"><div class=\"vc_column-inner\"><div class=\"w-iconbox iconpos_left style_default color_custom align_none no_text\"><div class=\"w-iconbox-icon\" style=\"font-size:2rem;--icon-color:#53746C;\"><i class=\"material-icons\">local_shipping<\/i><\/div><div class=\"w-iconbox-meta\"><h3 class=\"w-iconbox-title\" style=\"font-size:16px;\">Gestionamos para usted toda la cadena de importaci\u00f3n-exportaci\u00f3n<\/h3><\/div><\/div><\/div><\/div><div class=\"wpb_column vc_column_container\"><div class=\"vc_column-inner\"><div class=\"w-iconbox iconpos_left style_default color_custom align_none no_text\"><div class=\"w-iconbox-icon\" style=\"font-size:2rem;--icon-color:#53746C;\"><i class=\"material-icons\">public<\/i><\/div><div class=\"w-iconbox-meta\"><h3 class=\"w-iconbox-title\" style=\"font-size:16px;\">Le ayudamos a comprar y vender en todo el mundo<\/h3><\/div><\/div><\/div><\/div><\/div><\/div><\/div><\/div><\/div><\/section>\n","protected":false},"excerpt":{"rendered":"Las personas ideales para dirigir su negocio en todo el mundo Somos un equipo de profesionales con s\u00f3lidas ra\u00edces y una perspectiva global. Combinamos experiencia, fiabilidad y pasi\u00f3n para conectar su negocio con los mejores socios del mundo. Con\u00f3zcanos CERTIFICACI\u00d3N REX Estamos certificados en el Sistema de Exportadores Registrados (REX) Nuestra familiaComo empresa familiar, nuestros...","protected":false},"author":1,"featured_media":0,"parent":0,"menu_order":0,"comment_status":"closed","ping_status":"closed","template":"","meta":{"footnotes":""},"class_list":["post-985","page","type-page","status-publish","hentry"],"yoast_head":"<!-- This site is optimized with the Yoast SEO plugin v26.4 - https:\/\/yoast.com\/wordpress\/plugins\/seo\/ -->\n<title>Qui\u00e9nes somos - 2306<\/title>\n<meta name=\"description\" content=\"2306 naci\u00f3 de una idea compartida: promover la excelencia italiana en todo el mundo a trav\u00e9s de un enfoque moderno y estrat\u00e9gico.\" \/>\n<meta name=\"robots\" content=\"index, follow, max-snippet:-1, max-image-preview:large, max-video-preview:-1\" \/>\n<link rel=\"canonical\" href=\"https:\/\/www.2306srl.it\/es\/quienes-somos\/\" \/>\n<meta property=\"og:locale\" content=\"es_ES\" \/>\n<meta property=\"og:type\" content=\"article\" \/>\n<meta property=\"og:title\" content=\"Qui\u00e9nes somos - 2306\" \/>\n<meta property=\"og:description\" content=\"2306 naci\u00f3 de una idea compartida: promover la excelencia italiana en todo el mundo a trav\u00e9s de un enfoque moderno y estrat\u00e9gico.\" \/>\n<meta property=\"og:url\" content=\"https:\/\/www.2306srl.it\/es\/quienes-somos\/\" \/>\n<meta property=\"og:site_name\" content=\"2306\" \/>\n<meta property=\"article:modified_time\" content=\"2025-11-19T13:40:26+00:00\" \/>\n<meta property=\"og:image\" content=\"https:\/\/www.2306srl.it\/wp-content\/uploads\/2025\/11\/Og-image-import-esport-services.jpg\" \/>\n\t<meta property=\"og:image:width\" content=\"1200\" \/>\n\t<meta property=\"og:image:height\" content=\"630\" \/>\n\t<meta property=\"og:image:type\" content=\"image\/jpeg\" \/>\n<meta name=\"twitter:card\" content=\"summary_large_image\" \/>\n<meta name=\"twitter:title\" content=\"Qui\u00e9nes somos - 2306\" \/>\n<meta name=\"twitter:description\" content=\"2306 naci\u00f3 de una idea compartida: promover la excelencia italiana en todo el mundo a trav\u00e9s de un enfoque moderno y estrat\u00e9gico.\" \/>\n<meta name=\"twitter:image\" content=\"https:\/\/www.2306srl.it\/wp-content\/uploads\/2025\/11\/Og-image-import-esport-services.jpg\" \/>\n<meta name=\"twitter:label1\" content=\"Tiempo de lectura\" \/>\n\t<meta name=\"twitter:data1\" content=\"3 minutos\" \/>\n<script type=\"application\/ld+json\" class=\"yoast-schema-graph\">{\"@context\":\"https:\/\/schema.org\",\"@graph\":[{\"@type\":\"WebPage\",\"@id\":\"https:\/\/www.2306srl.it\/es\/quienes-somos\/\",\"url\":\"https:\/\/www.2306srl.it\/es\/quienes-somos\/\",\"name\":\"Qui\u00e9nes somos - 2306\",\"isPartOf\":{\"@id\":\"https:\/\/www.2306srl.it\/es\/#website\"},\"datePublished\":\"2025-03-31T13:01:29+00:00\",\"dateModified\":\"2025-11-19T13:40:26+00:00\",\"description\":\"2306 naci\u00f3 de una idea compartida: promover la excelencia italiana en todo el mundo a trav\u00e9s de un enfoque moderno y estrat\u00e9gico.\",\"breadcrumb\":{\"@id\":\"https:\/\/www.2306srl.it\/es\/quienes-somos\/#breadcrumb\"},\"inLanguage\":\"es\",\"potentialAction\":[{\"@type\":\"ReadAction\",\"target\":[\"https:\/\/www.2306srl.it\/es\/quienes-somos\/\"]}]},{\"@type\":\"BreadcrumbList\",\"@id\":\"https:\/\/www.2306srl.it\/es\/quienes-somos\/#breadcrumb\",\"itemListElement\":[{\"@type\":\"ListItem\",\"position\":1,\"name\":\"Home\",\"item\":\"https:\/\/www.2306srl.it\/es\/\"},{\"@type\":\"ListItem\",\"position\":2,\"name\":\"Qui\u00e9nes somos\"}]},{\"@type\":\"WebSite\",\"@id\":\"https:\/\/www.2306srl.it\/es\/#website\",\"url\":\"https:\/\/www.2306srl.it\/es\/\",\"name\":\"2306 Srl\",\"description\":\"\",\"publisher\":{\"@id\":\"https:\/\/www.2306srl.it\/es\/#organization\"},\"potentialAction\":[{\"@type\":\"SearchAction\",\"target\":{\"@type\":\"EntryPoint\",\"urlTemplate\":\"https:\/\/www.2306srl.it\/es\/?s={search_term_string}\"},\"query-input\":{\"@type\":\"PropertyValueSpecification\",\"valueRequired\":true,\"valueName\":\"search_term_string\"}}],\"inLanguage\":\"es\"},{\"@type\":\"Organization\",\"@id\":\"https:\/\/www.2306srl.it\/es\/#organization\",\"name\":\"2306 Srl\",\"url\":\"https:\/\/www.2306srl.it\/es\/\",\"logo\":{\"@type\":\"ImageObject\",\"inLanguage\":\"es\",\"@id\":\"https:\/\/www.2306srl.it\/es\/#\/schema\/logo\/image\/\",\"url\":\"https:\/\/www.2306srl.it\/wp-content\/uploads\/2025\/10\/2306-srl-logo-prova.webp\",\"contentUrl\":\"https:\/\/www.2306srl.it\/wp-content\/uploads\/2025\/10\/2306-srl-logo-prova.webp\",\"width\":552,\"height\":524,\"caption\":\"2306 Srl\"},\"image\":{\"@id\":\"https:\/\/www.2306srl.it\/es\/#\/schema\/logo\/image\/\"},\"sameAs\":[\"https:\/\/www.linkedin.com\/company\/2306srl\/\"]}]}<\/script>\n<!-- \/ Yoast SEO plugin. -->","yoast_head_json":{"title":"Qui\u00e9nes somos - 2306","description":"2306 naci\u00f3 de una idea compartida: promover la excelencia italiana en todo el mundo a trav\u00e9s de un enfoque moderno y estrat\u00e9gico.","robots":{"index":"index","follow":"follow","max-snippet":"max-snippet:-1","max-image-preview":"max-image-preview:large","max-video-preview":"max-video-preview:-1"},"canonical":"https:\/\/www.2306srl.it\/es\/quienes-somos\/","og_locale":"es_ES","og_type":"article","og_title":"Qui\u00e9nes somos - 2306","og_description":"2306 naci\u00f3 de una idea compartida: promover la excelencia italiana en todo el mundo a trav\u00e9s de un enfoque moderno y estrat\u00e9gico.","og_url":"https:\/\/www.2306srl.it\/es\/quienes-somos\/","og_site_name":"2306","article_modified_time":"2025-11-19T13:40:26+00:00","og_image":[{"width":1200,"height":630,"url":"https:\/\/www.2306srl.it\/wp-content\/uploads\/2025\/11\/Og-image-import-esport-services.jpg","type":"image\/jpeg"}],"twitter_card":"summary_large_image","twitter_title":"Qui\u00e9nes somos - 2306","twitter_description":"2306 naci\u00f3 de una idea compartida: promover la excelencia italiana en todo el mundo a trav\u00e9s de un enfoque moderno y estrat\u00e9gico.","twitter_image":"https:\/\/www.2306srl.it\/wp-content\/uploads\/2025\/11\/Og-image-import-esport-services.jpg","twitter_misc":{"Tiempo de lectura":"3 minutos"},"schema":{"@context":"https:\/\/schema.org","@graph":[{"@type":"WebPage","@id":"https:\/\/www.2306srl.it\/es\/quienes-somos\/","url":"https:\/\/www.2306srl.it\/es\/quienes-somos\/","name":"Qui\u00e9nes somos - 2306","isPartOf":{"@id":"https:\/\/www.2306srl.it\/es\/#website"},"datePublished":"2025-03-31T13:01:29+00:00","dateModified":"2025-11-19T13:40:26+00:00","description":"2306 naci\u00f3 de una idea compartida: promover la excelencia italiana en todo el mundo a trav\u00e9s de un enfoque moderno y estrat\u00e9gico.","breadcrumb":{"@id":"https:\/\/www.2306srl.it\/es\/quienes-somos\/#breadcrumb"},"inLanguage":"es","potentialAction":[{"@type":"ReadAction","target":["https:\/\/www.2306srl.it\/es\/quienes-somos\/"]}]},{"@type":"BreadcrumbList","@id":"https:\/\/www.2306srl.it\/es\/quienes-somos\/#breadcrumb","itemListElement":[{"@type":"ListItem","position":1,"name":"Home","item":"https:\/\/www.2306srl.it\/es\/"},{"@type":"ListItem","position":2,"name":"Qui\u00e9nes somos"}]},{"@type":"WebSite","@id":"https:\/\/www.2306srl.it\/es\/#website","url":"https:\/\/www.2306srl.it\/es\/","name":"2306 Srl","description":"","publisher":{"@id":"https:\/\/www.2306srl.it\/es\/#organization"},"potentialAction":[{"@type":"SearchAction","target":{"@type":"EntryPoint","urlTemplate":"https:\/\/www.2306srl.it\/es\/?s={search_term_string}"},"query-input":{"@type":"PropertyValueSpecification","valueRequired":true,"valueName":"search_term_string"}}],"inLanguage":"es"},{"@type":"Organization","@id":"https:\/\/www.2306srl.it\/es\/#organization","name":"2306 Srl","url":"https:\/\/www.2306srl.it\/es\/","logo":{"@type":"ImageObject","inLanguage":"es","@id":"https:\/\/www.2306srl.it\/es\/#\/schema\/logo\/image\/","url":"https:\/\/www.2306srl.it\/wp-content\/uploads\/2025\/10\/2306-srl-logo-prova.webp","contentUrl":"https:\/\/www.2306srl.it\/wp-content\/uploads\/2025\/10\/2306-srl-logo-prova.webp","width":552,"height":524,"caption":"2306 Srl"},"image":{"@id":"https:\/\/www.2306srl.it\/es\/#\/schema\/logo\/image\/"},"sameAs":["https:\/\/www.linkedin.com\/company\/2306srl\/"]}]}},"_links":{"self":[{"href":"https:\/\/www.2306srl.it\/es\/wp-json\/wp\/v2\/pages\/985","targetHints":{"allow":["GET"]}}],"collection":[{"href":"https:\/\/www.2306srl.it\/es\/wp-json\/wp\/v2\/pages"}],"about":[{"href":"https:\/\/www.2306srl.it\/es\/wp-json\/wp\/v2\/types\/page"}],"author":[{"embeddable":true,"href":"https:\/\/www.2306srl.it\/es\/wp-json\/wp\/v2\/users\/1"}],"replies":[{"embeddable":true,"href":"https:\/\/www.2306srl.it\/es\/wp-json\/wp\/v2\/comments?post=985"}],"version-history":[{"count":7,"href":"https:\/\/www.2306srl.it\/es\/wp-json\/wp\/v2\/pages\/985\/revisions"}],"predecessor-version":[{"id":1272,"href":"https:\/\/www.2306srl.it\/es\/wp-json\/wp\/v2\/pages\/985\/revisions\/1272"}],"wp:attachment":[{"href":"https:\/\/www.2306srl.it\/es\/wp-json\/wp\/v2\/media?parent=985"}],"curies":[{"name":"wp","href":"https:\/\/api.w.org\/{rel}","templated":true}]}}